{"id":880,"date":"2019-08-14T12:24:41","date_gmt":"2019-08-14T10:24:41","guid":{"rendered":"https:\/\/www.chiquiocio.com\/ads\/suscripcion-revista-2\/"},"modified":"2021-01-18T10:58:21","modified_gmt":"2021-01-18T09:58:21","slug":"inicio","status":"publish","type":"page","link":"https:\/\/www.chiquiocio.com\/ads\/","title":{"rendered":"Inicio"},"content":{"rendered":"<p>[et_pb_section fb_built=&#8221;1&#8243; _builder_version=&#8221;3.22.3&#8243; custom_margin=&#8221;||-140px|&#8221; custom_padding=&#8221;3px||4px|||&#8221;][et_pb_row custom_padding=&#8221;||0px|||&#8221; module_class=&#8221; et_pb_row_fullwidth&#8221; _builder_version=&#8221;3.22.7&#8243; width=&#8221;89%&#8221; width_tablet=&#8221;80%&#8221; width_last_edited=&#8221;on|desktop&#8221; max_width=&#8221;89%&#8221; max_width_tablet=&#8221;80%&#8221; max_width_last_edited=&#8221;on|desktop&#8221; make_fullwidth=&#8221;on&#8221;][et_pb_column type=&#8221;4_4&#8243; _builder_version=&#8221;3.0.47&#8243;][et_pb_image src=&#8221;https:\/\/www.chiquiocio.com\/ads\/wp-content\/uploads\/2019\/07\/ChiquiOcio_web.jpg&#8221; align=&#8221;center&#8221; _builder_version=&#8221;3.22.7&#8243; max_width=&#8221;70%&#8221;][\/et_pb_image][et_pb_text _builder_version=&#8221;3.22.7&#8243; text_font=&#8221;Comfortaa|600|||||||&#8221; text_text_color=&#8221;#e01f45&#8243; text_font_size=&#8221;30px&#8221; text_letter_spacing=&#8221;1px&#8221; text_line_height=&#8221;1.8em&#8221; link_font=&#8221;||||||||&#8221; ul_font=&#8221;||||||||&#8221; ol_font=&#8221;||||||||&#8221; quote_font=&#8221;||||||||&#8221; header_font=&#8221;||||||||&#8221; header_text_color=&#8221;#e02b20&#8243; custom_margin=&#8221;-3px||0px|||&#8221; custom_padding=&#8221;4px||3px|||&#8221;]<\/p>\n<p style=\"text-align: center;\"><strong><span style=\"color: #800080;\">MILES DE FAMILIAS CON NI\u00d1OS CONSULTAN CHIQUIOCIO PARA SUS PLANES DE OCIO Y CULTURA<\/span><\/strong><\/p>\n<p>[\/et_pb_text][et_pb_divider show_divider=&#8221;off&#8221; _builder_version=&#8221;3.22.7&#8243;][\/et_pb_divider][\/et_pb_column][\/et_pb_row][\/et_pb_section][et_pb_section fb_built=&#8221;1&#8243; _builder_version=&#8221;3.22.3&#8243; custom_padding=&#8221;0px||5px|||&#8221;][et_pb_row custom_padding=&#8221;|4px|8px|||&#8221; module_class=&#8221; et_pb_row_fullwidth&#8221; _builder_version=&#8221;3.22.3&#8243; width=&#8221;89%&#8221; width_tablet=&#8221;80%&#8221; width_last_edited=&#8221;on|desktop&#8221; max_width=&#8221;89%&#8221; max_width_tablet=&#8221;80%&#8221; max_width_last_edited=&#8221;on|desktop&#8221; make_fullwidth=&#8221;on&#8221;][et_pb_column type=&#8221;1_2&#8243; _builder_version=&#8221;3.0.47&#8243;][et_pb_text _builder_version=&#8221;3.22.7&#8243; text_font=&#8221;Comfortaa||||||||&#8221; text_text_color=&#8221;#000000&#8243; text_font_size=&#8221;12px&#8221; header_font=&#8221;||||||||&#8221; header_2_font=&#8221;Comfortaa||||||||&#8221; header_2_text_color=&#8221;#000000&#8243; header_2_font_size=&#8221;21px&#8221; custom_margin=&#8221;||1px|||&#8221; custom_padding=&#8221;||1px|||&#8221; link_option_url=&#8221;https:\/\/www.chiquiocio.com\/quienes-somos&#8221;]<\/p>\n<h2><strong>Quienes somos<\/strong><\/h2>\n<p>[\/et_pb_text][et_pb_text _builder_version=&#8221;3.22.7&#8243; text_font=&#8221;Comfortaa||||||||&#8221; text_font_size=&#8221;15px&#8221;]<\/p>\n<p style=\"text-align: justify;\"><strong><span style=\"color: #000000;\">ChiquiOcio es una empresa dedicada a la promoci\u00f3n de la cultura, el ocio, el turismo y\u00a0 los servicios para familias con ni\u00f1os de Castilla y Le\u00f3n, a trav\u00e9s de la edici\u00f3n de la revista bimensual gratuita ChiquiOcio (12.000 ejemplares en papel procedente de bosques sostenibles)\u00a0 y la gesti\u00f3n de la web<\/span><span>\u00a0<\/span><a href=\"http:\/\/www.chiquiocio.com\/\" target=\"_blank\" rel=\"noopener noreferrer\">www.chiquiocio.com<\/a><span style=\"color: #000000;\">, con una media de 11.500 visitas al mes.<\/span><\/strong><\/p>\n<p>[\/et_pb_text][et_pb_button button_url=&#8221;https:\/\/www.chiquiocio.com\/ads\/suscripcion\/&#8221; url_new_window=&#8221;on&#8221; button_text=&#8221;Suscr\u00edbete&#8221; _builder_version=&#8221;3.22.7&#8243; box_shadow_style=&#8221;preset4&#8243; box_shadow_horizontal=&#8221;5px&#8221; box_shadow_vertical=&#8221;5px&#8221;][\/et_pb_button][et_pb_button button_url=&#8221;https:\/\/www.chiquiocio.com\/ads\/revista\/&#8221; url_new_window=&#8221;on&#8221; button_text=&#8221;An\u00fanciate&#8221; _builder_version=&#8221;3.22.7&#8243; box_shadow_style=&#8221;preset4&#8243; box_shadow_horizontal=&#8221;5px&#8221; box_shadow_vertical=&#8221;5px&#8221;][\/et_pb_button][\/et_pb_column][et_pb_column type=&#8221;1_2&#8243; _builder_version=&#8221;3.0.47&#8243;][et_pb_text _builder_version=&#8221;3.22.7&#8243; text_font=&#8221;Comfortaa||||||||&#8221; text_font_size=&#8221;10px&#8221; header_font=&#8221;||||||||&#8221; header_2_font=&#8221;Comfortaa||||||||&#8221; header_2_text_color=&#8221;#000000&#8243; header_2_font_size=&#8221;21px&#8221; custom_padding=&#8221;||0px|||&#8221;]<\/p>\n<h2><span><b>Lo que opinan de nosotros<\/b><\/span><\/h2>\n<p>[\/et_pb_text][et_pb_gallery gallery_ids=&#8221;701,668,331,2198&#8243; fullwidth=&#8221;on&#8221; _builder_version=&#8221;3.22.7&#8243; box_shadow_style=&#8221;preset1&#8243; custom_padding=&#8221;0px|||||&#8221;][\/et_pb_gallery][\/et_pb_column][\/et_pb_row][\/et_pb_section][et_pb_section fb_built=&#8221;1&#8243; _builder_version=&#8221;3.22.3&#8243; custom_margin=&#8221;32px|||||&#8221; custom_padding=&#8221;0px||4px|||&#8221;][et_pb_row custom_padding=&#8221;4px||5px|||&#8221; custom_margin=&#8221;1px|auto||auto||&#8221; module_class=&#8221; et_pb_row_fullwidth&#8221; _builder_version=&#8221;3.22.3&#8243; width=&#8221;89%&#8221; width_tablet=&#8221;80%&#8221; width_last_edited=&#8221;on|desktop&#8221; max_width=&#8221;89%&#8221; max_width_tablet=&#8221;80%&#8221; max_width_last_edited=&#8221;on|desktop&#8221; make_fullwidth=&#8221;on&#8221;][et_pb_column type=&#8221;4_4&#8243; _builder_version=&#8221;3.0.95&#8243;][et_pb_text _builder_version=&#8221;3.22.7&#8243; text_font=&#8221;||||||||&#8221; text_text_color=&#8221;#828282&#8243; custom_margin=&#8221;-3px|||||&#8221;]<\/p>\n<p style=\"text-align: center;\"><a href=\"https:\/\/www.chiquiocio.com\/ads\/politica-de-privacidad-de-datos\/\" target=\"_blank\" rel=\"noopener noreferrer\">Pol\u00edtica de Privacidad<\/a>\u00a0 \u00a0 \u00a0 \u00a0 \u00a0\u00a0<a href=\"https:\/\/www.chiquiocio.com\/ads\/aviso-legal\/\" target=\"_blank\" rel=\"noopener noreferrer\">Aviso Legal<\/a>\u00a0 \u00a0 \u00a0 \u00a0 \u00a0\u00a0<a href=\"https:\/\/www.chiquiocio.com\/ads\/politica-de-cookies\/\" target=\"_blank\" rel=\"noopener noreferrer\">Pol\u00edtica de Cookies<\/a><\/p>\n<p>[\/et_pb_text][\/et_pb_column][\/et_pb_row][\/et_pb_section]<\/p>\n","protected":false},"excerpt":{"rendered":"<p>[et_pb_section fb_built=&#8221;1&#8243; _builder_version=&#8221;3.22.3&#8243; custom_margin=&#8221;||-140px|&#8221; custom_padding=&#8221;3px||4px|||&#8221;][et_pb_row custom_padding=&#8221;||0px|||&#8221; module_class=&#8221; et_pb_row_fullwidth&#8221; _builder_version=&#8221;3.22.7&#8243; width=&#8221;89%&#8221; width_tablet=&#8221;80%&#8221; width_last_edited=&#8221;on|desktop&#8221; max_width=&#8221;89%&#8221; max_width_tablet=&#8221;80%&#8221; max_width_last_edited=&#8221;on|desktop&#8221; make_fullwidth=&#8221;on&#8221;][et_pb_column type=&#8221;4_4&#8243; _builder_version=&#8221;3.0.47&#8243;][et_pb_image src=&#8221;https:\/\/www.chiquiocio.com\/ads\/wp-content\/uploads\/2019\/07\/ChiquiOcio_web.jpg&#8221; align=&#8221;center&#8221; _builder_version=&#8221;3.22.7&#8243; max_width=&#8221;70%&#8221;][\/et_pb_image][et_pb_text _builder_version=&#8221;3.22.7&#8243; text_font=&#8221;Comfortaa|600|||||||&#8221; text_text_color=&#8221;#e01f45&#8243; text_font_size=&#8221;30px&#8221; text_letter_spacing=&#8221;1px&#8221; text_line_height=&#8221;1.8em&#8221; link_font=&#8221;||||||||&#8221; ul_font=&#8221;||||||||&#8221; ol_font=&#8221;||||||||&#8221; quote_font=&#8221;||||||||&#8221; header_font=&#8221;||||||||&#8221; header_text_color=&#8221;#e02b20&#8243; custom_margin=&#8221;-3px||0px|||&#8221; custom_padding=&#8221;4px||3px|||&#8221;] MILES DE FAMILIAS CON NI\u00d1OS CONSULTAN CHIQUIOCIO PARA SUS PLANES DE OCIO Y CULTURA [\/et_pb_text][et_pb_divider show_divider=&#8221;off&#8221; _builder_version=&#8221;3.22.7&#8243;][\/et_pb_divider][\/et_pb_column][\/et_pb_row][\/et_pb_section][et_pb_section fb_built=&#8221;1&#8243; _builder_version=&#8221;3.22.3&#8243; [&hellip;]<\/p>\n","protected":false},"author":1,"featured_media":0,"parent":0,"menu_order":0,"comment_status":"closed","ping_status":"closed","template":"","meta":{"_et_pb_use_builder":"on","_et_pb_old_content":""},"_links":{"self":[{"href":"https:\/\/www.chiquiocio.com\/ads\/wp-json\/wp\/v2\/pages\/880"}],"collection":[{"href":"https:\/\/www.chiquiocio.com\/ads\/wp-json\/wp\/v2\/pages"}],"about":[{"href":"https:\/\/www.chiquiocio.com\/ads\/wp-json\/wp\/v2\/types\/page"}],"author":[{"embeddable":true,"href":"https:\/\/www.chiquiocio.com\/ads\/wp-json\/wp\/v2\/users\/1"}],"replies":[{"embeddable":true,"href":"https:\/\/www.chiquiocio.com\/ads\/wp-json\/wp\/v2\/comments?post=880"}],"version-history":[{"count":22,"href":"https:\/\/www.chiquiocio.com\/ads\/wp-json\/wp\/v2\/pages\/880\/revisions"}],"predecessor-version":[{"id":2199,"href":"https:\/\/www.chiquiocio.com\/ads\/wp-json\/wp\/v2\/pages\/880\/revisions\/2199"}],"wp:attachment":[{"href":"https:\/\/www.chiquiocio.com\/ads\/wp-json\/wp\/v2\/media?parent=880"}],"curies":[{"name":"wp","href":"https:\/\/api.w.org\/{rel}","templated":true}]}}