{"id":821,"date":"2019-08-13T13:51:02","date_gmt":"2019-08-13T11:51:02","guid":{"rendered":"https:\/\/www.chiquiocio.com\/ads\/anunciate-gratis-restaurantes-2\/"},"modified":"2020-03-12T11:48:08","modified_gmt":"2020-03-12T10:48:08","slug":"suscripcion-revista","status":"publish","type":"page","link":"https:\/\/www.chiquiocio.com\/ads\/suscripcion-revista\/","title":{"rendered":"Suscripcion"},"content":{"rendered":"<p>[et_pb_section fb_built=&#8221;1&#8243; _builder_version=&#8221;3.22.3&#8243; custom_margin=&#8221;||-140px|&#8221; custom_padding=&#8221;4px||4px|||&#8221;][et_pb_row custom_padding=&#8221;||0px|||&#8221; custom_margin=&#8221;-3px|auto||auto||&#8221; module_class=&#8221; et_pb_row_fullwidth&#8221; _builder_version=&#8221;3.22.7&#8243; width=&#8221;89%&#8221; width_tablet=&#8221;80%&#8221; width_last_edited=&#8221;on|desktop&#8221; max_width=&#8221;89%&#8221; max_width_tablet=&#8221;80%&#8221; max_width_last_edited=&#8221;on|desktop&#8221; make_fullwidth=&#8221;on&#8221;][et_pb_column type=&#8221;4_4&#8243; _builder_version=&#8221;3.0.47&#8243;][et_pb_image src=&#8221;https:\/\/www.chiquiocio.com\/ads\/wp-content\/uploads\/2019\/07\/ChiquiOcio_web.jpg&#8221; align=&#8221;center&#8221; _builder_version=&#8221;3.22.7&#8243; width=&#8221;75%&#8221; width_tablet=&#8221;75%&#8221; width_last_edited=&#8221;on|phone&#8221; max_width_last_edited=&#8221;on|desktop&#8221; custom_padding=&#8221;|50px||50px||&#8221;][\/et_pb_image][et_pb_text _builder_version=&#8221;3.22.7&#8243; text_font=&#8221;Comfortaa|700|||||||&#8221; text_text_color=&#8221;#000000&#8243; text_font_size=&#8221;30px&#8221; text_font_size_tablet=&#8221;26px&#8221; text_font_size_phone=&#8221;22px&#8221; text_font_size_last_edited=&#8221;on|desktop&#8221; text_letter_spacing=&#8221;1px&#8221; text_line_height=&#8221;1.75em&#8221; header_font=&#8221;Comfortaa||||||||&#8221; header_text_color=&#8221;#000000&#8243; header_font_size=&#8221;24px&#8221; header_font_size_tablet=&#8221;22px&#8221; header_font_size_phone=&#8221;12px&#8221; header_font_size_last_edited=&#8221;on|phone&#8221; custom_margin=&#8221;10px||15px|&#8221; custom_padding=&#8221;3px||3px|||&#8221;]<\/p>\n<p style=\"text-align: center;\"><strong><span style=\"color: #800080;\">SUSCR\u00cdBETE A LA REVISTA CHIQUIOCIO \u00a1POR SOLO 9\u20ac AL A\u00d1O!<\/span><\/strong><\/p>\n<p>[\/et_pb_text][\/et_pb_column][\/et_pb_row][\/et_pb_section][et_pb_section fb_built=&#8221;1&#8243; _builder_version=&#8221;3.22.3&#8243; custom_padding=&#8221;0px||5px|||&#8221;][et_pb_row custom_padding=&#8221;|4px|0px|||&#8221; module_class=&#8221; et_pb_row_fullwidth&#8221; _builder_version=&#8221;3.22.3&#8243; width=&#8221;89%&#8221; width_tablet=&#8221;80%&#8221; width_last_edited=&#8221;on|desktop&#8221; max_width=&#8221;89%&#8221; max_width_tablet=&#8221;80%&#8221; max_width_last_edited=&#8221;on|desktop&#8221; make_fullwidth=&#8221;on&#8221;][et_pb_column type=&#8221;1_2&#8243; _builder_version=&#8221;3.0.47&#8243;][et_pb_text _builder_version=&#8221;3.22.7&#8243; text_font=&#8221;Comfortaa||||||||&#8221; text_text_color=&#8221;#000000&#8243; text_font_size=&#8221;10px&#8221; header_font=&#8221;||||||||&#8221; header_2_font=&#8221;Comfortaa||||||||&#8221; header_2_text_color=&#8221;#000000&#8243; header_2_font_size=&#8221;20px&#8221; header_2_font_size_phone=&#8221;18px&#8221; header_2_font_size_last_edited=&#8221;on|desktop&#8221; custom_margin=&#8221;||1px|||&#8221; custom_padding=&#8221;0px||0px|||&#8221; link_option_url=&#8221;https:\/\/www.chiquiocio.com\/quienes-somos&#8221;]<\/p>\n<h2><strong><span style=\"color: #000000;\">Cada a\u00f1o recibir\u00e1s:<\/span><\/strong><\/h2>\n<p>[\/et_pb_text][et_pb_text _builder_version=&#8221;3.22.7&#8243; text_font=&#8221;Comfortaa|700|||||||&#8221; text_text_color=&#8221;#000000&#8243; text_font_size=&#8221;16px&#8221; text_font_size_phone=&#8221;16px&#8221; text_font_size_last_edited=&#8221;on|desktop&#8221; width=&#8221;90%&#8221; max_width=&#8221;90%&#8221; custom_margin=&#8221;1px||-5px|||&#8221; custom_padding=&#8221;0px||0px|||&#8221; link_option_url=&#8221;www.chiquiocio.com&#8221; link_option_url_new_window=&#8221;on&#8221;]<\/p>\n<ul>\n<li>5 entradas para alg\u00fan evento, espect\u00e1culo o centro de inter\u00e9s<\/li>\n<li>6 n\u00fameros de la revista bimensual ChiquiOcio directamente en tu domicilio<\/li>\n<\/ul>\n<p>[\/et_pb_text][et_pb_text _builder_version=&#8221;3.22.7&#8243; text_font=&#8221;Comfortaa||||||||&#8221; text_text_color=&#8221;#000000&#8243; text_font_size=&#8221;10px&#8221; text_line_height=&#8221;1.75em&#8221; header_font=&#8221;||||||||&#8221; header_2_font=&#8221;Comfortaa||||||||&#8221; header_2_text_color=&#8221;#000000&#8243; header_2_font_size=&#8221;20px&#8221; header_2_font_size_phone=&#8221;18px&#8221; header_2_font_size_last_edited=&#8221;on|desktop&#8221; header_2_line_height=&#8221;1.1em&#8221; custom_margin=&#8221;||1px|||&#8221; custom_padding=&#8221;0px||0px|||&#8221; link_option_url=&#8221;https:\/\/www.chiquiocio.com\/quienes-somos&#8221;]<\/p>\n<h2><strong><span color=\"#000000\" style=\"color: #000000;\">Y adem\u00e1s\u00a0<\/span><\/strong><span color=\"#000000\" style=\"color: #000000;\">participar\u00e1s de los beneficios de ser socio del\u00a0<strong>Club ChiquiOcio<\/strong>:<\/span><\/h2>\n<p>[\/et_pb_text][et_pb_text _builder_version=&#8221;3.22.7&#8243; text_font=&#8221;Comfortaa|700|||||||&#8221; text_text_color=&#8221;#000000&#8243; text_font_size=&#8221;16px&#8221; custom_margin=&#8221;||-2px|||&#8221; custom_padding=&#8221;0px||2px|||&#8221;]<\/p>\n<ul>\n<li>Promociones y descuentos especiales<\/li>\n<li>Informaci\u00f3n de los eventos destacados de cada semana en tu email<\/li>\n<\/ul>\n<p>[\/et_pb_text][et_pb_divider show_divider=&#8221;off&#8221; _builder_version=&#8221;3.22.7&#8243; custom_margin=&#8221;||1px|||&#8221;][\/et_pb_divider][et_pb_text _builder_version=&#8221;3.22.7&#8243; text_font=&#8221;Comfortaa||||||||&#8221; text_text_color=&#8221;#000000&#8243; text_font_size=&#8221;21px&#8221; text_font_size_phone=&#8221;20px&#8221; text_font_size_last_edited=&#8221;on|desktop&#8221; text_line_height=&#8221;0.1em&#8221; custom_margin=&#8221;-16px||0px|||&#8221; custom_padding=&#8221;13px||4px|||&#8221;]<\/p>\n<p style=\"text-align: center;\"><span style=\"color: #800080;\"><strong>Suscr\u00edbete ahora<\/strong><\/span><\/p>\n<p style=\"text-align: center;\">haz click en la imagen<\/p>\n<p>[\/et_pb_text][et_pb_image src=&#8221;https:\/\/www.chiquiocio.com\/ads\/wp-content\/uploads\/2019\/09\/Imagen-Suscripciones.png&#8221; url=&#8221;https:\/\/www.chiquiocio.com\/ads\/producto\/suscripcion-revista-chiquiocio\/&#8221; _builder_version=&#8221;3.22.7&#8243; custom_margin=&#8221;-8px|||||&#8221; custom_padding=&#8221;18px|||||&#8221;][\/et_pb_image][et_pb_divider show_divider=&#8221;off&#8221; _builder_version=&#8221;3.22.7&#8243;][\/et_pb_divider][\/et_pb_column][et_pb_column type=&#8221;1_2&#8243; _builder_version=&#8221;3.0.47&#8243;][et_pb_text _builder_version=&#8221;3.22.7&#8243; text_font=&#8221;Comfortaa||||||||&#8221; text_text_color=&#8221;#000000&#8243; text_font_size=&#8221;10px&#8221; header_font=&#8221;||||||||&#8221; header_2_font=&#8221;Comfortaa||||||||&#8221; header_2_text_color=&#8221;#000000&#8243; header_2_font_size=&#8221;20px&#8221; header_2_font_size_phone=&#8221;18px&#8221; header_2_font_size_last_edited=&#8221;on|desktop&#8221; custom_margin=&#8221;||1px|||&#8221; custom_padding=&#8221;0px||3px|||&#8221; link_option_url=&#8221;https:\/\/www.chiquiocio.com\/quienes-somos&#8221;]<\/p>\n<h2 style=\"text-align: center;\"><strong><span style=\"color: #000000;\">\u00a1Echa un vistazo!<\/span><\/strong><\/h2>\n<p>[\/et_pb_text][et_pb_image src=&#8221;https:\/\/www.chiquiocio.com\/ads\/wp-content\/uploads\/2020\/03\/chiquiocioweb_chn64_page-0001.jpg&#8221; url=&#8221;https:\/\/www.chiquiocio.com\/sites\/default\/files\/documentos\/revistas\/chiquiocioweb_chn64.pdf&#8221; url_new_window=&#8221;on&#8221; _builder_version=&#8221;3.22.7&#8243; custom_padding=&#8221;|49px|0px|50px||&#8221;][\/et_pb_image][\/et_pb_column][\/et_pb_row][\/et_pb_section][et_pb_section fb_built=&#8221;1&#8243; _builder_version=&#8221;3.22.3&#8243; custom_padding=&#8221;4px||4px|||&#8221; custom_margin=&#8221;1px|||||&#8221;][et_pb_row custom_padding=&#8221;4px||5px|||&#8221; module_class=&#8221; et_pb_row_fullwidth&#8221; _builder_version=&#8221;3.22.3&#8243; width=&#8221;89%&#8221; width_tablet=&#8221;80%&#8221; width_last_edited=&#8221;on|desktop&#8221; max_width=&#8221;89%&#8221; max_width_tablet=&#8221;80%&#8221; max_width_last_edited=&#8221;on|desktop&#8221; make_fullwidth=&#8221;on&#8221;][et_pb_column type=&#8221;4_4&#8243; _builder_version=&#8221;3.0.95&#8243;][et_pb_text _builder_version=&#8221;3.22.7&#8243; text_font=&#8221;||||||||&#8221; text_text_color=&#8221;#828282&#8243; custom_margin=&#8221;-3px|||||&#8221; custom_padding=&#8221;3px||1px|||&#8221;]<\/p>\n<p style=\"text-align: center;\"><a href=\"https:\/\/www.chiquiocio.com\/ads\/politica-de-privacidad-de-datos\/\" target=\"_blank\" rel=\"noopener noreferrer\">Pol\u00edtica de Privacidad<\/a>\u00a0 \u00a0 \u00a0 \u00a0\u00a0<a href=\"https:\/\/www.chiquiocio.com\/ads\/aviso-legal\/\" target=\"_blank\" rel=\"noopener noreferrer\">Aviso Legal<\/a>\u00a0 \u00a0 \u00a0 \u00a0\u00a0<a href=\"https:\/\/www.chiquiocio.com\/ads\/politica-de-cookies\/\" target=\"_blank\" rel=\"noopener noreferrer\">Pol\u00edtica de Cookies<\/a><\/p>\n<p>[\/et_pb_text][\/et_pb_column][\/et_pb_row][\/et_pb_section]<\/p>\n","protected":false},"excerpt":{"rendered":"<p>[et_pb_section fb_built=&#8221;1&#8243; _builder_version=&#8221;3.22.3&#8243; custom_margin=&#8221;||-140px|&#8221; custom_padding=&#8221;4px||4px|||&#8221;][et_pb_row custom_padding=&#8221;||0px|||&#8221; custom_margin=&#8221;-3px|auto||auto||&#8221; module_class=&#8221; et_pb_row_fullwidth&#8221; _builder_version=&#8221;3.22.7&#8243; width=&#8221;89%&#8221; width_tablet=&#8221;80%&#8221; width_last_edited=&#8221;on|desktop&#8221; max_width=&#8221;89%&#8221; max_width_tablet=&#8221;80%&#8221; max_width_last_edited=&#8221;on|desktop&#8221; make_fullwidth=&#8221;on&#8221;][et_pb_column type=&#8221;4_4&#8243; _builder_version=&#8221;3.0.47&#8243;][et_pb_image src=&#8221;https:\/\/www.chiquiocio.com\/ads\/wp-content\/uploads\/2019\/07\/ChiquiOcio_web.jpg&#8221; align=&#8221;center&#8221; _builder_version=&#8221;3.22.7&#8243; width=&#8221;75%&#8221; width_tablet=&#8221;75%&#8221; width_last_edited=&#8221;on|phone&#8221; max_width_last_edited=&#8221;on|desktop&#8221; custom_padding=&#8221;|50px||50px||&#8221;][\/et_pb_image][et_pb_text _builder_version=&#8221;3.22.7&#8243; text_font=&#8221;Comfortaa|700|||||||&#8221; text_text_color=&#8221;#000000&#8243; text_font_size=&#8221;30px&#8221; text_font_size_tablet=&#8221;26px&#8221; text_font_size_phone=&#8221;22px&#8221; text_font_size_last_edited=&#8221;on|desktop&#8221; text_letter_spacing=&#8221;1px&#8221; text_line_height=&#8221;1.75em&#8221; header_font=&#8221;Comfortaa||||||||&#8221; header_text_color=&#8221;#000000&#8243; header_font_size=&#8221;24px&#8221; header_font_size_tablet=&#8221;22px&#8221; header_font_size_phone=&#8221;12px&#8221; header_font_size_last_edited=&#8221;on|phone&#8221; custom_margin=&#8221;10px||15px|&#8221; custom_padding=&#8221;3px||3px|||&#8221;] SUSCR\u00cdBETE A LA REVISTA CHIQUIOCIO \u00a1POR SOLO 9\u20ac AL A\u00d1O! [\/et_pb_text][\/et_pb_column][\/et_pb_row][\/et_pb_section][et_pb_section [&hellip;]<\/p>\n","protected":false},"author":1,"featured_media":0,"parent":0,"menu_order":0,"comment_status":"closed","ping_status":"closed","template":"","meta":{"_et_pb_use_builder":"on","_et_pb_old_content":""},"_links":{"self":[{"href":"https:\/\/www.chiquiocio.com\/ads\/wp-json\/wp\/v2\/pages\/821"}],"collection":[{"href":"https:\/\/www.chiquiocio.com\/ads\/wp-json\/wp\/v2\/pages"}],"about":[{"href":"https:\/\/www.chiquiocio.com\/ads\/wp-json\/wp\/v2\/types\/page"}],"author":[{"embeddable":true,"href":"https:\/\/www.chiquiocio.com\/ads\/wp-json\/wp\/v2\/users\/1"}],"replies":[{"embeddable":true,"href":"https:\/\/www.chiquiocio.com\/ads\/wp-json\/wp\/v2\/comments?post=821"}],"version-history":[{"count":46,"href":"https:\/\/www.chiquiocio.com\/ads\/wp-json\/wp\/v2\/pages\/821\/revisions"}],"predecessor-version":[{"id":1960,"href":"https:\/\/www.chiquiocio.com\/ads\/wp-json\/wp\/v2\/pages\/821\/revisions\/1960"}],"wp:attachment":[{"href":"https:\/\/www.chiquiocio.com\/ads\/wp-json\/wp\/v2\/media?parent=821"}],"curies":[{"name":"wp","href":"https:\/\/api.w.org\/{rel}","templated":true}]}}